{"id":3384,"date":"2019-12-30T15:29:48","date_gmt":"2019-12-30T12:29:48","guid":{"rendered":"http:\/\/www.mistav.com.tr\/en\/?page_id=3384"},"modified":"2019-12-30T15:29:49","modified_gmt":"2019-12-30T12:29:49","slug":"yazvit-aminomix-plus-premix-powder","status":"publish","type":"page","link":"https:\/\/www.mistav.com.tr\/en\/ruminant-feed-additive-products\/yazvit-aminomix-plus-premix-powder\/","title":{"rendered":"YAZV\u0130T AM\u0130NOM\u0130X PLUS Premix powder"},"content":{"rendered":"","protected":false},"excerpt":{"rendered":"","protected":false},"author":1,"featured_media":0,"parent":2734,"menu_order":0,"comment_status":"closed","ping_status":"closed","template":"","meta":{"footnotes":""},"class_list":["post-3384","page","type-page","status-publish","hentry"],"_links":{"self":[{"href":"https:\/\/www.mistav.com.tr\/en\/wp-json\/wp\/v2\/pages\/3384","targetHints":{"allow":["GET"]}}],"collection":[{"href":"https:\/\/www.mistav.com.tr\/en\/wp-json\/wp\/v2\/pages"}],"about":[{"href":"https:\/\/www.mistav.com.tr\/en\/wp-json\/wp\/v2\/types\/page"}],"author":[{"embeddable":true,"href":"https:\/\/www.mistav.com.tr\/en\/wp-json\/wp\/v2\/users\/1"}],"replies":[{"embeddable":true,"href":"https:\/\/www.mistav.com.tr\/en\/wp-json\/wp\/v2\/comments?post=3384"}],"version-history":[{"count":1,"href":"https:\/\/www.mistav.com.tr\/en\/wp-json\/wp\/v2\/pages\/3384\/revisions"}],"predecessor-version":[{"id":3385,"href":"https:\/\/www.mistav.com.tr\/en\/wp-json\/wp\/v2\/pages\/3384\/revisions\/3385"}],"up":[{"embeddable":true,"href":"https:\/\/www.mistav.com.tr\/en\/wp-json\/wp\/v2\/pages\/2734"}],"wp:attachment":[{"href":"https:\/\/www.mistav.com.tr\/en\/wp-json\/wp\/v2\/media?parent=3384"}],"curies":[{"name":"wp","href":"https:\/\/api.w.org\/{rel}","templated":true}]}}